{"id":4013,"date":"2019-12-11T18:00:51","date_gmt":"2019-12-11T17:00:51","guid":{"rendered":"http:\/\/dagri-inzeniring.com\/?page_id=4013"},"modified":"2022-02-01T17:55:37","modified_gmt":"2022-02-01T16:55:37","slug":"domov","status":"publish","type":"page","link":"https:\/\/dagri-inzeniring.com\/en\/","title":{"rendered":"Home"},"content":{"rendered":"<div class=\"wpb-content-wrapper\"><div class=\"vc_row wpb_row vc_row-fluid full-width\"><div class=\"wpb_column vc_column_container vc_col-sm-12\"><div class=\"wpb_wrapper\"><div class=\"wpb_revslider_element wpb_content_element mc-navigation\">\n\t\t\t<!-- START Home REVOLUTION SLIDER 6.7.35 --><p class=\"rs-p-wp-fix\"><\/p>\n\t\t\t<rs-module-wrap id=\"rev_slider_1_1_wrapper\" data-source=\"gallery\" style=\"visibility:hidden;background:transparent;padding:0;margin:0px auto;margin-top:0;margin-bottom:0;\">\n\t\t\t\t<rs-module id=\"rev_slider_1_1\" class=\"rs-ov-hidden\" style=\"\" data-version=\"6.7.35\">\n\t\t\t\t\t<rs-slides style=\"overflow: hidden; position: absolute;\">\n\t\t\t\t\t\t<rs-slide style=\"position: absolute;\" data-key=\"rs-4\" data-title=\"Slide\" data-anim=\"adpr:false;ms:750;\" data-in=\"x:(100%);e:power3.inOut;\">\n\t\t\t\t\t\t\t<img decoding=\"async\" src=\"\/\/dagri-inzeniring.com\/wp-content\/plugins\/revslider\/sr6\/assets\/assets\/dummy.png\" alt=\"\" title=\"Home\" class=\"rev-slidebg tp-rs-img rs-lazyload\" data-lazyload=\"\/\/dagri-inzeniring.com\/wp-content\/uploads\/2019\/12\/naslovnica1.png\" data-no-retina>\n<!--\n\t\t\t\t\t\t\t--><rs-layer\n\t\t\t\t\t\t\t\tid=\"slider-1-slide-4-layer-6\" \n\t\t\t\t\t\t\t\tdata-type=\"text\"\n\t\t\t\t\t\t\t\tdata-color=\"#ffffff\"\n\t\t\t\t\t\t\t\tdata-rsp_ch=\"on\"\n\t\t\t\t\t\t\t\tdata-xy=\"x:33px;y:90px;\"\n\t\t\t\t\t\t\t\tdata-text=\"s:50;l:22;fw:700;a:inherit;\"\n\t\t\t\t\t\t\t\tdata-frame_999=\"o:0;st:w;sR:5700;\"\n\t\t\t\t\t\t\t\tstyle=\"z-index:8;font-family:'Open Sans';\"\n\t\t\t\t\t\t\t>Technical solutions \n\t\t\t\t\t\t\t<\/rs-layer><!--\n\n\t\t\t\t\t\t\t--><rs-layer\n\t\t\t\t\t\t\t\tid=\"slider-1-slide-4-layer-7\" \n\t\t\t\t\t\t\t\tdata-type=\"text\"\n\t\t\t\t\t\t\t\tdata-color=\"#ffffff\"\n\t\t\t\t\t\t\t\tdata-rsp_ch=\"on\"\n\t\t\t\t\t\t\t\tdata-xy=\"x:35px;y:156px;\"\n\t\t\t\t\t\t\t\tdata-text=\"s:40;l:22;a:inherit;\"\n\t\t\t\t\t\t\t\tdata-frame_999=\"o:0;st:w;sR:5700;\"\n\t\t\t\t\t\t\t\tstyle=\"z-index:9;font-family:'Open Sans';\"\n\t\t\t\t\t\t\t>for operation rooms and intensive care \n\t\t\t\t\t\t\t<\/rs-layer><!--\n-->\t\t\t\t\t<\/rs-slide>\n\t\t\t\t\t\t<rs-slide style=\"position: absolute;\" data-key=\"rs-7\" data-title=\"Slide\" data-anim=\"adpr:false;ms:750;\" data-in=\"x:(100%);e:power3.inOut;\">\n\t\t\t\t\t\t\t<img decoding=\"async\" src=\"\/\/dagri-inzeniring.com\/wp-content\/plugins\/revslider\/sr6\/assets\/assets\/dummy.png\" alt=\"\" title=\"Home\" class=\"rev-slidebg tp-rs-img rs-lazyload\" data-lazyload=\"\/\/dagri-inzeniring.com\/wp-content\/uploads\/2019\/12\/image_06.jpg\" data-no-retina>\n<!--\n\t\t\t\t\t\t\t--><rs-layer\n\t\t\t\t\t\t\t\tid=\"slider-1-slide-7-layer-1\" \n\t\t\t\t\t\t\t\tdata-type=\"text\"\n\t\t\t\t\t\t\t\tdata-color=\"#ffffff\"\n\t\t\t\t\t\t\t\tdata-xy=\"x:-1px;y:175px;\"\n\t\t\t\t\t\t\t\tdata-text=\"s:50;l:22;a:inherit;\"\n\t\t\t\t\t\t\t\tdata-rsp_o=\"off\"\n\t\t\t\t\t\t\t\tdata-rsp_bd=\"off\"\n\t\t\t\t\t\t\t\tdata-frame_1=\"e:power4.inOut;st:500;sp:2000;sR:500;\"\n\t\t\t\t\t\t\t\tdata-frame_999=\"o:0;e:none;st:w;sR:3500;\"\n\t\t\t\t\t\t\t\tstyle=\"z-index:5;font-family:'Open Sans';\"\n\t\t\t\t\t\t\t>Prodaja in servis \n\t\t\t\t\t\t\t<\/rs-layer><!--\n\n\t\t\t\t\t\t\t--><rs-layer\n\t\t\t\t\t\t\t\tid=\"slider-1-slide-7-layer-3\" \n\t\t\t\t\t\t\t\tdata-type=\"text\"\n\t\t\t\t\t\t\t\tdata-color=\"#ffffff\"\n\t\t\t\t\t\t\t\tdata-xy=\"x:3px;y:224px;\"\n\t\t\t\t\t\t\t\tdata-text=\"s:25;l:22;a:inherit;\"\n\t\t\t\t\t\t\t\tdata-rsp_o=\"off\"\n\t\t\t\t\t\t\t\tdata-rsp_bd=\"off\"\n\t\t\t\t\t\t\t\tdata-frame_1=\"st:800;sp:1200;sR:800;\"\n\t\t\t\t\t\t\t\tdata-frame_999=\"o:0;e:power4.inOut;st:w;sp:2000;sR:4000;\"\n\t\t\t\t\t\t\t\tstyle=\"z-index:6;font-family:'Open Sans';\"\n\t\t\t\t\t\t\t><h3 style=\"color:#fff; font-size:40px;\">of medical equipment<\/h3> \n\t\t\t\t\t\t\t<\/rs-layer><!--\n-->\t\t\t\t\t<\/rs-slide>\n\t\t\t\t\t\t<rs-slide style=\"position: absolute;\" data-key=\"rs-8\" data-title=\"Slide\" data-anim=\"adpr:false;ms:750;\" data-in=\"x:(100%);e:power3.inOut;\">\n\t\t\t\t\t\t\t<img decoding=\"async\" src=\"\/\/dagri-inzeniring.com\/wp-content\/plugins\/revslider\/sr6\/assets\/assets\/dummy.png\" alt=\"\" title=\"Home\" class=\"rev-slidebg tp-rs-img rs-lazyload\" data-lazyload=\"\/\/dagri-inzeniring.com\/wp-content\/uploads\/2017\/01\/slider_03.jpg\" data-no-retina>\n<!--\n\t\t\t\t\t\t\t--><rs-layer\n\t\t\t\t\t\t\t\tid=\"slider-1-slide-8-layer-1\" \n\t\t\t\t\t\t\t\tdata-type=\"text\"\n\t\t\t\t\t\t\t\tdata-color=\"rgba(255, 255, 255, 1)\"\n\t\t\t\t\t\t\t\tdata-xy=\"x:8px;y:148px;\"\n\t\t\t\t\t\t\t\tdata-text=\"s:50;l:22;a:inherit;\"\n\t\t\t\t\t\t\t\tdata-rsp_o=\"off\"\n\t\t\t\t\t\t\t\tdata-rsp_bd=\"off\"\n\t\t\t\t\t\t\t\tdata-frame_1=\"e:power4.inOut;st:500;sp:2000;sR:500;\"\n\t\t\t\t\t\t\t\tdata-frame_999=\"o:0;e:none;st:w;sR:3500;\"\n\t\t\t\t\t\t\t\tstyle=\"z-index:5;font-family:'Open Sans';\"\n\t\t\t\t\t\t\t>Control panels \n\t\t\t\t\t\t\t<\/rs-layer><!--\n\n\t\t\t\t\t\t\t--><rs-layer\n\t\t\t\t\t\t\t\tid=\"slider-1-slide-8-layer-3\" \n\t\t\t\t\t\t\t\tdata-type=\"text\"\n\t\t\t\t\t\t\t\tdata-color=\"#ffffff\"\n\t\t\t\t\t\t\t\tdata-xy=\"x:9px;y:201px;\"\n\t\t\t\t\t\t\t\tdata-text=\"s:25;l:22;a:inherit;\"\n\t\t\t\t\t\t\t\tdata-rsp_o=\"off\"\n\t\t\t\t\t\t\t\tdata-rsp_bd=\"off\"\n\t\t\t\t\t\t\t\tdata-frame_1=\"st:800;sp:1200;sR:800;\"\n\t\t\t\t\t\t\t\tdata-frame_999=\"o:0;e:power4.inOut;st:w;sp:2000;sR:4000;\"\n\t\t\t\t\t\t\t\tstyle=\"z-index:6;font-family:'Open Sans';\"\n\t\t\t\t\t\t\t><h3 style=\"color:#fff; font-size:40px;\">for operating theaters<\/h3> \n\t\t\t\t\t\t\t<\/rs-layer><!--\n-->\t\t\t\t\t<\/rs-slide>\n\t\t\t\t\t<\/rs-slides>\n\t\t\t\t<\/rs-module>\n\t\t\t\t<script>\n\t\t\t\t\tsetREVStartSize({c: 'rev_slider_1_1',rl:[1240,1024,778,480],el:[670],gw:[1230],gh:[670],type:'standard',justify:'',layout:'fullwidth',mh:\"0\"});if (window.RS_MODULES!==undefined && window.RS_MODULES.modules!==undefined && window.RS_MODULES.modules[\"revslider11\"]!==undefined) {window.RS_MODULES.modules[\"revslider11\"].once = false;window.revapi1 = undefined;if (window.RS_MODULES.checkMinimal!==undefined) window.RS_MODULES.checkMinimal()}\n\t\t\t\t<\/script>\n\t\t\t<\/rs-module-wrap>\n\t\t\t<!-- END REVOLUTION SLIDER -->\n<\/div><\/div><\/div><\/div><div class=\"vc_row wpb_row vc_row-fluid\"><div class=\"wpb_column vc_column_container vc_col-sm-12\"><div class=\"wpb_wrapper\">\n\t<div class=\"wpb_widgetised_column wpb_content_element clearfix home-box-container-list for-home-slider\">\n\t\t<div class=\"wpb_wrapper\">\n\t\t\t\n\t\t\t<ul><li class=\"home-box-container clearfix animated-element animation-fadeIn duration-500 delay-100\">\n\t\t\t<div class=\"home-box\">\n\t\t\t\t<h2>About us<\/h2>\t\t\t\t<div class=\"news clearfix\">\n\t\t\t\t\t\t\t\t\t\t<div class=\"text\">\t\n\t\t\t\t\tWe manufacture and install various products and equipment for operating theaters.\t\t\t\t\t<\/div>\n\t\t\t\t\t\t\t\t\t\t\t\t\t\t<\/div>\n\t\t\t<\/div>\n\t\t<\/li>\n\t\t\t\t<li class=\"home-box-container clearfix animated-element animation-slideRight200 duration-800 delay-500\">\n\t\t\t<div class=\"home-box\">\n\t\t\t\t<h2>Working Time<\/h2>\t\t\t\t<div class=\"news clearfix\">\n\t\t\t\t\t\t\t\t\t\t<div class=\"text\">\t\n\t\t\t\t\t<div class=\"clearfix scrolling-controls\"><div class=\"header-right\">\n\t\t\t<a href=\"#\" id=\"scrolling-list-0_prev\" class=\"scrolling-list-control-left template-arrow-horizontal-3\"><\/a>\n\t\t\t<a href=\"#\" id=\"scrolling-list-0_next\" class=\"scrolling-list-control-right template-arrow-horizontal-3\"><\/a>\n\t\t<\/div>\n\t<\/div>\n\t<div class=\"scrolling-list-wrapper\"><div class=\"scrolling-list-fix-block\"><\/div><ul class=\"scrolling-list scrolling-list-0 thin opening-hours clearfix\">\r\n\t<li class=\"clearfix\">\n\t\t\t<span>Monday - Friday<\/span><div class=\"value\">8.00 - 17.00<\/div><\/li>\r\n\t<li class=\"clearfix\">\n\t\t\t<span>Saturday, Sunday and Holidays<\/span><div class=\"value\">Closed<\/div><\/li>\r\n<\/ul><\/div>\t\t\t\t\t<\/div>\n\t\t\t\t\t\t\t\t\t\t\t\t\t\t<\/div>\n\t\t\t<\/div>\n\t\t<\/li>\n\t\t\t\t<li class=\"home-box-container clearfix\">\n\t\t\t<div class=\"home-box\">\n\t\t\t\t\t\t\t\t<div class=\"news clearfix\">\n\t\t\t\t\t\t\t\t\t\t<div class=\"text\">\t\n\t\t\t\t\t<center><iframe loading=\"lazy\" width=\"350\" height=\"215\" src=\"https:\/\/www.youtube.com\/embed\/wkuLBs8uMBU\" frameborder=\"0\" allow=\"accelerometer; autoplay; clipboard-write; encrypted-media; gyroscope; picture-in-picture\" allowfullscreen><\/iframe><\/center>\t\t\t\t\t<\/div>\n\t\t\t\t\t\t\t\t\t\t\t\t\t\t<\/div>\n\t\t\t<\/div>\n\t\t<\/li><\/ul>\n\t\t<\/div>\n\t<\/div>\n<\/div><\/div><\/div><div class=\"vc_row wpb_row vc_row-fluid vc_custom_1576083489875 vc_row-has-fill full-width\"><div class=\"wpb_column vc_column_container vc_col-sm-12\"><div class=\"wpb_wrapper\"><div class=\"vc_row wpb_row vc_inner vc_row-fluid partners vc_row-o-content-middle vc_row-flex\"><div class=\"wpb_column vc_column_container vc_col-sm-12\"><div class=\"vc_column-inner\"><div class=\"wpb_wrapper\"><div class=\"our-clients-list-container\">\r\n\t\t\t\t\t<ul class=\"our-clients-list\"><li class=\"vertical-align\"><div class=\"our-clients-item-container\"><div class=\"vertical-align-cell\"><a href=\"https:\/\/www.or-pc.de\/home\/\" target=\"_blank\"><img loading=\"lazy\" decoding=\"async\" width=\"134\" height=\"31\" src=\"https:\/\/dagri-inzeniring.com\/wp-content\/uploads\/2022\/02\/logo.png\" class=\"attachment-full size-full\" alt=\"\" srcset=\"https:\/\/dagri-inzeniring.com\/wp-content\/uploads\/2022\/02\/logo.png 134w, https:\/\/dagri-inzeniring.com\/wp-content\/uploads\/2022\/02\/logo-18x4.png 18w\" sizes=\"auto, (max-width: 134px) 100vw, 134px\" \/><\/a><\/div><\/div><\/li><li class=\"vertical-align\"><div class=\"our-clients-item-container\"><div class=\"vertical-align-cell\"><a href=\"https:\/\/www.itd-cart.com\/\" target=\"_blank\"><img loading=\"lazy\" decoding=\"async\" width=\"270\" height=\"170\" src=\"https:\/\/dagri-inzeniring.com\/wp-content\/uploads\/2019\/12\/itd-logo.png\" class=\"attachment-full size-full\" alt=\"\" \/><\/a><\/div><\/div><\/li><li class=\"vertical-align\"><div class=\"our-clients-item-container\"><div class=\"vertical-align-cell\"><a href=\"https:\/\/www.flukebiomedical.com\/\" target=\"_blank\"><img loading=\"lazy\" decoding=\"async\" width=\"300\" height=\"188\" src=\"https:\/\/dagri-inzeniring.com\/wp-content\/uploads\/2019\/12\/fluke-logo.png\" class=\"attachment-full size-full\" alt=\"\" \/><\/a><\/div><\/div><\/li><li class=\"vertical-align\"><div class=\"our-clients-item-container\"><div class=\"vertical-align-cell\"><a href=\"http:\/\/www.fsnmed.com\/\" target=\"_blank\"><img loading=\"lazy\" decoding=\"async\" width=\"152\" height=\"92\" src=\"https:\/\/dagri-inzeniring.com\/wp-content\/uploads\/2019\/12\/FSN.png\" class=\"attachment-full size-full\" alt=\"\" srcset=\"https:\/\/dagri-inzeniring.com\/wp-content\/uploads\/2019\/12\/FSN.png 152w, https:\/\/dagri-inzeniring.com\/wp-content\/uploads\/2019\/12\/FSN-150x92.png 150w\" sizes=\"auto, (max-width: 152px) 100vw, 152px\" \/><\/a><\/div><\/div><\/li><li class=\"vertical-align\"><div class=\"our-clients-item-container\"><div class=\"vertical-align-cell\"><a href=\"http:\/\/dagri-inzeniring.com\/en\/arab-health-info\/\" target=\"_blank\"><img loading=\"lazy\" decoding=\"async\" width=\"210\" height=\"89\" src=\"https:\/\/dagri-inzeniring.com\/wp-content\/uploads\/2020\/04\/esrr-1.png\" class=\"attachment-full size-full\" alt=\"\" \/><\/a><\/div><\/div><\/li><\/ul><\/div><\/div><\/div><\/div><\/div><\/div><\/div><\/div><div class=\"vc_row wpb_row vc_row-fluid vc_custom_1576430943158 full-width\"><div class=\"wpb_column vc_column_container vc_col-sm-12\"><div class=\"wpb_wrapper\"><div class=\"vc_row wpb_row vc_inner vc_row-fluid vc_row-o-content-middle vc_row-flex\"><div class=\"wpb_column vc_column_container vc_col-sm-12\"><div class=\"vc_column-inner\"><div class=\"wpb_wrapper\"><h2 class=\"box-header animation-slide\">News<\/h2><div class=\"columns clearfix layout-column\"><\/ul><\/div><\/div><\/div><\/div><\/div><\/div><\/div><\/div><div class=\"vc_row wpb_row vc_row-fluid vc_custom_1576086514785\"><div class=\"wpb_column vc_column_container vc_col-sm-3 vc_col-has-fill vc_custom_1576428535937\"><div class=\"wpb_wrapper\"><h2 class=\"box-header\">Manufacturing<\/h2>\n\t<div  class=\"wpb_single_image wpb_content_element vc_align_center wpb_content_element vc_custom_1576484303509\">\n\t\t\n\t\t<figure class=\"wpb_wrapper vc_figure\">\n\t\t\t<div class=\"vc_single_image-wrapper   vc_box_border_grey\"><img loading=\"lazy\" decoding=\"async\" width=\"200\" height=\"230\" src=\"https:\/\/dagri-inzeniring.com\/wp-content\/uploads\/2019\/12\/proizvodnja.png\" class=\"vc_single_image-img attachment-medium\" alt=\"\" title=\"proizvodnja\" \/><\/div>\n\t\t<\/figure>\n\t<\/div>\n\n\t<div class=\"wpb_text_column wpb_content_element txt-card\" >\n\t\t<div class=\"wpb_wrapper\">\n\t\t\t<p><span style=\"font-weight: 400;\">We manufacture and install various products and equipment for operating theaters<\/span>.<\/p>\n\n\t\t<\/div>\n\t<\/div>\n<a title=\"Read more\" href=\"http:\/\/dagri-inzeniring.com\/en\/proizvodnja\/\" class=\"mc-button more light-color large template-arrow-horizontal-1-after margin-top-20\">Read more<\/a>\n<\/div><\/div><div class=\"wpb_column vc_column_container vc_col-sm-3 vc_col-has-fill vc_custom_1576173324043\"><div class=\"wpb_wrapper\"><h2 class=\"box-header\">Sales<\/h2>\n\t<div  class=\"wpb_single_image wpb_content_element vc_align_center wpb_content_element vc_custom_1576234680917\">\n\t\t\n\t\t<figure class=\"wpb_wrapper vc_figure\">\n\t\t\t<div class=\"vc_single_image-wrapper   vc_box_border_grey\"><img loading=\"lazy\" decoding=\"async\" width=\"200\" height=\"230\" src=\"https:\/\/dagri-inzeniring.com\/wp-content\/uploads\/2019\/12\/prodaja-2.png\" class=\"vc_single_image-img attachment-medium\" alt=\"\" title=\"prodaja-2\" \/><\/div>\n\t\t<\/figure>\n\t<\/div>\n\n\t<div class=\"wpb_text_column wpb_content_element txt-card\" >\n\t\t<div class=\"wpb_wrapper\">\n\t\t\t<p>Authorized seller of medical equipment of various manufacturers and high quality.<\/p>\n\n\t\t<\/div>\n\t<\/div>\n<a title=\"Read more\" href=\"http:\/\/dagri-inzeniring.com\/en\/prodaja\/\" class=\"mc-button more light-color large template-arrow-horizontal-1-after margin-top-20\">Read more<\/a>\n<\/div><\/div><div class=\"wpb_column vc_column_container vc_col-sm-3 vc_col-has-fill vc_custom_1576173250615\"><div class=\"wpb_wrapper\"><h2 class=\"box-header\">Calibrations<\/h2>\n\t<div  class=\"wpb_single_image wpb_content_element vc_align_center wpb_content_element vc_custom_1576225008944\">\n\t\t\n\t\t<figure class=\"wpb_wrapper vc_figure\">\n\t\t\t<div class=\"vc_single_image-wrapper   vc_box_border_grey\"><img loading=\"lazy\" decoding=\"async\" width=\"200\" height=\"230\" src=\"https:\/\/dagri-inzeniring.com\/wp-content\/uploads\/2019\/12\/kalibracija.png\" class=\"vc_single_image-img attachment-medium\" alt=\"\" title=\"kalibracija\" \/><\/div>\n\t\t<\/figure>\n\t<\/div>\n\n\t<div class=\"wpb_text_column wpb_content_element txt-card\" >\n\t\t<div class=\"wpb_wrapper\">\n\t\t\t<p>Regular annual and safety review of medical equipment, preparation of the final report and enclosed certification of validated instruments.<\/p>\n\n\t\t<\/div>\n\t<\/div>\n<a title=\"Read more\" href=\"http:\/\/dagri-inzeniring.com\/en\/kalibracije\/\" class=\"mc-button more light-color large template-arrow-horizontal-1-after margin-top-20\">Read more<\/a>\n<\/div><\/div><div class=\"wpb_column vc_column_container vc_col-sm-3 vc_col-has-fill vc_custom_1576225706416\"><div class=\"wpb_wrapper\"><h2 class=\"box-header\">Service<\/h2>\n\t<div  class=\"wpb_single_image wpb_content_element vc_align_center wpb_content_element vc_custom_1576225031251\">\n\t\t\n\t\t<figure class=\"wpb_wrapper vc_figure\">\n\t\t\t<div class=\"vc_single_image-wrapper   vc_box_border_grey\"><img loading=\"lazy\" decoding=\"async\" width=\"200\" height=\"230\" src=\"https:\/\/dagri-inzeniring.com\/wp-content\/uploads\/2019\/12\/servis.png\" class=\"vc_single_image-img attachment-medium\" alt=\"\" title=\"servis\" \/><\/div>\n\t\t<\/figure>\n\t<\/div>\n\n\t<div class=\"wpb_text_column wpb_content_element txt-card\" >\n\t\t<div class=\"wpb_wrapper\">\n\t\t\t<p>We provide quality medical equipment service according to the manufacturer's instructions and protocols, perform safety tests, calibrations and validations of medical equipment.<\/p>\n\n\t\t<\/div>\n\t<\/div>\n<a title=\"Read more\" href=\"http:\/\/dagri-inzeniring.com\/en\/servis\/\" class=\"mc-button more light-color large template-arrow-horizontal-1-after margin-top-20\">Read more<\/a>\n<\/div><\/div><\/div>\n<\/div>","protected":false},"excerpt":{"rendered":"Tehni\u010dne re\u0161itve za operacijske dvorane in intenzivne nege Prodaja in servis medicinske opreme. Kontrolni paneli za operacijske sobe. O nas Smo Slovensko podjetje s 30 letno tradicijo na podro\u010dju medicinske opreme za operacijske dvorane. V tem obdobju smo razvili \u0161irok spekter lastnih produktov. Delovni \u010cas Ponedeljek - Petek8.00 - 17.00 Sobota, Nedelja in PraznikiZaprto NoviceProizvodnja","protected":false},"author":1,"featured_media":0,"parent":0,"menu_order":0,"comment_status":"closed","ping_status":"closed","template":"template-default-without-breadcrumbs.php","meta":{"footnotes":""},"class_list":["post-4013","page","type-page","status-publish","hentry"],"_links":{"self":[{"href":"https:\/\/dagri-inzeniring.com\/en\/wp-json\/wp\/v2\/pages\/4013","targetHints":{"allow":["GET"]}}],"collection":[{"href":"https:\/\/dagri-inzeniring.com\/en\/wp-json\/wp\/v2\/pages"}],"about":[{"href":"https:\/\/dagri-inzeniring.com\/en\/wp-json\/wp\/v2\/types\/page"}],"author":[{"embeddable":true,"href":"https:\/\/dagri-inzeniring.com\/en\/wp-json\/wp\/v2\/users\/1"}],"replies":[{"embeddable":true,"href":"https:\/\/dagri-inzeniring.com\/en\/wp-json\/wp\/v2\/comments?post=4013"}],"version-history":[{"count":0,"href":"https:\/\/dagri-inzeniring.com\/en\/wp-json\/wp\/v2\/pages\/4013\/revisions"}],"wp:attachment":[{"href":"https:\/\/dagri-inzeniring.com\/en\/wp-json\/wp\/v2\/media?parent=4013"}],"curies":[{"name":"wp","href":"https:\/\/api.w.org\/{rel}","templated":true}]}}